{"id":75,"date":"2022-08-27T19:50:22","date_gmt":"2022-08-27T17:50:22","guid":{"rendered":"http:\/\/jetoon.cz\/?page_id=75"},"modified":"2025-09-03T16:00:41","modified_gmt":"2025-09-03T14:00:41","slug":"aftercare","status":"publish","type":"page","link":"https:\/\/jetoon.cz\/?page_id=75","title":{"rendered":"Aftercare"},"content":{"rendered":"\n<p>Tetov\u00e1n\u00ed je o\u0161et\u0159eno a p\u0159elepeno ochrannou f\u00f3li\u00ed, kter\u00e1 se na tetov\u00e1n\u00ed nech\u00e1 v\u00edce dn\u016f. F\u00f3lii nen\u00ed nutn\u00e9 nech\u00e1vat d\u00e9le jak 24 hodin, ale \u010d\u00edm d\u00e9le ji na k\u00e9rce nech\u00e1\u0161, t\u00edm d\u00e9le se o ni nemus\u00ed\u0161 starat\u00a0(ne\u00a0d\u00e9le jak 4 dny). Tuto kryc\u00ed vrstvu pak sund\u00e1\u0161 ve spr\u0161e, pod tekouc\u00ed vodou\u00a0(nervat\u00a0ji dol\u016f na sucho). Po sund\u00e1n\u00ed f\u00f3lie je nejlep\u0161\u00ed um\u00fdt tetov\u00e1n\u00ed antibakteri\u00e1ln\u00edm m\u00fddlem, opatrn\u011b osu\u0161it a mazat.<\/p>\n\n\n\n<h2 class=\"wp-block-heading\">P\u00e9\u010de o tetov\u00e1n\u00ed<\/h2>\n\n\n\n<p>V z\u00e1kladn\u00ed cen\u011b tetov\u00e1n\u00ed je i trocha kr\u00e9mu, kter\u00fdm m\u016f\u017ee\u0161 k\u00e9rku mazat. P\u0159\u00edpadn\u011b si m\u016f\u017ee\u0161 koupit i kr\u00e9m u m\u011b na studiu, nebo m\u016f\u017ee\u0161 tetov\u00e1n\u00ed mazat r\u016fzn\u00fdmi mastmi. Dobr\u00fd je nap\u0159\u00edklad Bepanthen (ne Bepanthen baby), bambuck\u00e9 m\u00e1slo, kokosov\u00fd olej, Indulona, apod. Ur\u010dit\u011b k\u00e9rku nema\u017e vazel\u00ednou, ta ucp\u00e1v\u00e1 p\u00f3ry. Tetov\u00e1n\u00ed ma\u017e klidn\u011b i 5x denn\u011b, ale tenk\u00fdmi vrstvami. Na tetov\u00e1n\u00ed by nem\u011bla z\u016fst\u00e1vat vrstva kr\u00e9mu. Na k\u00e9rce se d\u011bl\u00e1 strup, kter\u00fd se mus\u00ed hezky zahojit. Nejlep\u0161\u00ed je udr\u017eovat strup mastn\u00fd, bude hezky pru\u017en\u00fd a zahoj\u00ed se spr\u00e1vn\u011b.<\/p>\n\n\n\n<p>Doba hojen\u00ed je r\u016fzn\u00e1, z\u00e1le\u017e\u00ed, jak na m\u00edst\u011b tetov\u00e1n\u00ed, tak na zp\u016fsobu proveden\u00ed a typu k\u016f\u017ee. V\u011bt\u0161inou je tetov\u00e1n\u00ed zahojen\u00e9 do m\u011bs\u00edce. A pozor, prvn\u00ed&nbsp;<strong>t\u0159i t\u00fddny nesm\u00ed tetov\u00e1n\u00ed navlhnout.<\/strong>&nbsp;Sprcha je v pohod\u011b, ale ur\u010dit\u011b bych nedoporu\u010doval vanu, saunu, baz\u00e9n apod.<\/p>\n\n\n\n<p>V pr\u016fb\u011bhu hojen\u00ed tetov\u00e1n\u00ed se m\u016f\u017ee vyskytnout sv\u011bd\u011bn\u00ed k\u016f\u017ee voblasti tetov\u00e1n\u00ed. I p\u0159esto nesm\u00ed\u0161 tetov\u00e1n\u00ed \u0161kr\u00e1bat, mohlo by doj\u00edt k po\u0161kozen\u00ed k\u00e9rky. Dobr\u00e9 je, vz\u00edt si trochu kr\u00e9mu a tetov\u00e1n\u00ed mas\u00edrovat. V pr\u016fb\u011bhu hojen\u00ed budou z k\u00e9rky odpad\u00e1vat strupy apod. Toho se nelekni. A\u017e bude tetov\u00e1n\u00ed \u00fapln\u011b zahojen\u00e9, tak to pozn\u00e1\u0161.<\/p>\n\n\n\n<h2 class=\"wp-block-heading\">Shrnuto<\/h2>\n\n\n\n<p>Co d\u011blat:<\/p>\n\n\n\n<ol>\n<li>Ochrannou f\u00f3lii sundat opatrn\u011b pod tekouc\u00ed vodou, tetov\u00e1n\u00ed o\u010distit a opatrn\u011b vysu\u0161it<\/li>\n\n\n\n<li>Tetov\u00e1n\u00ed pravideln\u011b mazat&nbsp;(ale&nbsp;nep\u0159emaz\u00e1vat zbyte\u010dn\u011b moc)<\/li>\n\n\n\n<li>Mazat tetov\u00e1n\u00ed jen kr\u00e9my na n\u011bj ur\u010den\u00e9, p\u0159\u00edpadn\u011b Bepanthenem, Bambuck\u00fdm m\u00e1slem, Kokosov\u00fdm olejem, apod.<\/li>\n<\/ol>\n\n\n\n<p>Co ned\u011blat:<\/p>\n\n\n\n<ol>\n<li>Prvn\u00ed t\u0159i t\u00fddny ned\u00e1vat dlouh\u00e9 vany, nechodit na baz\u00e9n apod., aby se tetov\u00e1n\u00ed nerozpilo<\/li>\n\n\n\n<li>Nemazat tetov\u00e1n\u00ed vazel\u00ednou, ani hydrata\u010dn\u00edmi kr\u00e9my.<\/li>\n\n\n\n<li>Nep\u00edt moc alkoholu po tetov\u00e1n\u00ed&nbsp;(ani&nbsp;p\u0159ed, ani jin\u00e9 l\u00e1tky, kter\u00e9 \u0159ed\u00ed krev)<\/li>\n<\/ol>\n","protected":false},"excerpt":{"rendered":"<p>Tetov\u00e1n\u00ed je o\u0161et\u0159eno a p\u0159elepeno ochrannou f\u00f3li\u00ed, kter\u00e1 se na tetov\u00e1n\u00ed nech\u00e1 v\u00edce dn\u016f. F\u00f3lii nen\u00ed nutn\u00e9 nech\u00e1vat d\u00e9le jak 24 hodin, ale \u010d\u00edm d\u00e9le ji na k\u00e9rce nech\u00e1\u0161, t\u00edm d\u00e9le se o ni nemus\u00ed\u0161 starat\u00a0(ne\u00a0d\u00e9le jak 4 dny). Tuto kryc\u00ed vrstvu pak sund\u00e1\u0161 ve spr\u0161e, pod tekouc\u00ed vodou\u00a0(nervat\u00a0ji dol\u016f na sucho). Po sund\u00e1n\u00ed f\u00f3lie&hellip;&nbsp;<a href=\"https:\/\/jetoon.cz\/?page_id=75\" class=\"\" rel=\"bookmark\">\u010c\u00edst d\u00e1le &raquo;<span class=\"screen-reader-text\">Aftercare<\/span><\/a><\/p>\n","protected":false},"author":1,"featured_media":0,"parent":0,"menu_order":0,"comment_status":"closed","ping_status":"closed","template":"","meta":{"neve_meta_sidebar":"","neve_meta_container":"","neve_meta_enable_content_width":"","neve_meta_content_width":0,"neve_meta_title_alignment":"","neve_meta_author_avatar":"","neve_post_elements_order":"","neve_meta_disable_header":"","neve_meta_disable_footer":"","neve_meta_disable_title":"","footnotes":""},"_links":{"self":[{"href":"https:\/\/jetoon.cz\/index.php?rest_route=\/wp\/v2\/pages\/75"}],"collection":[{"href":"https:\/\/jetoon.cz\/index.php?rest_route=\/wp\/v2\/pages"}],"about":[{"href":"https:\/\/jetoon.cz\/index.php?rest_route=\/wp\/v2\/types\/page"}],"author":[{"embeddable":true,"href":"https:\/\/jetoon.cz\/index.php?rest_route=\/wp\/v2\/users\/1"}],"replies":[{"embeddable":true,"href":"https:\/\/jetoon.cz\/index.php?rest_route=%2Fwp%2Fv2%2Fcomments&post=75"}],"version-history":[{"count":4,"href":"https:\/\/jetoon.cz\/index.php?rest_route=\/wp\/v2\/pages\/75\/revisions"}],"predecessor-version":[{"id":333,"href":"https:\/\/jetoon.cz\/index.php?rest_route=\/wp\/v2\/pages\/75\/revisions\/333"}],"wp:attachment":[{"href":"https:\/\/jetoon.cz\/index.php?rest_route=%2Fwp%2Fv2%2Fmedia&parent=75"}],"curies":[{"name":"wp","href":"https:\/\/api.w.org\/{rel}","templated":true}]}}