{"id":78,"date":"2022-08-27T19:54:51","date_gmt":"2022-08-27T17:54:51","guid":{"rendered":"http:\/\/jetoon.cz\/?page_id=78"},"modified":"2025-09-03T16:02:31","modified_gmt":"2025-09-03T14:02:31","slug":"info","status":"publish","type":"page","link":"https:\/\/jetoon.cz\/?page_id=78","title":{"rendered":"Info"},"content":{"rendered":"\n<h2 class=\"wp-block-heading\">Jak se domluvit na term\u00ednu tetov\u00e1n\u00ed?<\/h2>\n\n\n\n<p>Jak p\u00ed\u0161i v&nbsp;kontaktech, nejlep\u0161\u00ed je pro m\u011b domluva p\u0159es zpr\u00e1vy na&nbsp;<a rel=\"noreferrer noopener\" href=\"https:\/\/www.instagram.com\/_je_to_on_\/\" target=\"_blank\">Instagramu<\/a>. Sta\u010d\u00ed mi do zpr\u00e1vy napsat, co bychom tetovali, m\u00edsto a p\u0159ibli\u017enou velikost. Kdy bys tak k\u00e9rku cht\u011bl\/a, a podle toho vymysl\u00edme n\u011bjak\u00e9 datum. Konzultace p\u0159edem nejsou \u00fapln\u011b d\u016fle\u017eit\u00e9, v\u011bt\u0161inou v\u0161e vymysl\u00edme ve zpr\u00e1v\u00e1ch, p\u0159\u00edpadn\u011b spolu na m\u00edst\u011b.<\/p>\n\n\n\n<h2 class=\"wp-block-heading\">Jak vybrat n\u00e1vrh?<\/h2>\n\n\n\n<p>Pokud se ti nel\u00edb\u00ed \u017e\u00e1dn\u00fd z m\u00fdch&nbsp;n\u00e1vrh\u016f, m\u016f\u017eeme vymyslet a nakreslit n\u011bco akor\u00e1t. Netetuji n\u00e1vrhy ciz\u00edch tat\u00e9r\u016f, v\u017edycky spolu ale m\u016f\u017eeme vymyslet n\u011bco origin\u00e1ln\u00edho.<\/p>\n\n\n\n<h2 class=\"wp-block-heading\">Jak to cel\u00e9 prob\u00edh\u00e1?<\/h2>\n\n\n\n<p>P\u0159i p\u0159\u00edchodu na tetov\u00e1n\u00ed spolu dod\u011bl\u00e1me posledn\u00ed \u00fapravy. Dolad\u00edme m\u00edsto a velikost. Obtiskneme n\u00e1vrh na k\u016f\u017ei, a kdy\u017e bude v\u0161e sed\u011bt, jde se tetovat. Tetov\u00e1n\u00ed d\u011bl\u00e1m dv\u011bma zp\u016fsoby. Handpoke&nbsp;(tetov\u00e1n\u00ed&nbsp;d\u011blan\u00e9 ru\u010dn\u011b) a klasicky strojkem. V\u00fdb\u011br metody z\u00e1le\u017e\u00ed hlavn\u011b na typu n\u00e1vrhu a vybran\u00e9m m\u00edstu.&nbsp;<\/p>\n\n\n\n<h2 class=\"wp-block-heading\">Jak\u00e1 je cena tetov\u00e1n\u00ed?<\/h2>\n\n\n\n<p>Z\u00e1kladn\u00ed cena je 1500 K\u010d, pak se cena odv\u00edj\u00ed od pracnosti a \u010dasu. V z\u00e1kladu je materi\u00e1l, pr\u00e1ce a n\u011bjak\u00fd aftercare. Hrub\u00fd odhad ceny si nap\u00ed\u0161eme ve zpr\u00e1v\u00e1ch podle vymy\u0161len\u00e9ho n\u00e1vrhu.<\/p>\n\n\n\n<h2 class=\"wp-block-heading\">Co kdy\u017e mi nen\u00ed 18?<\/h2>\n\n\n\n<p>To nen\u00ed takov\u00fd probl\u00e9m. Tetovat se d\u00e1 od 15ti&nbsp;(l\u00e9pe&nbsp;od 16ti) let. Je ale nutn\u00e9 m\u00edt bu\u010f z\u00e1konn\u00e9ho z\u00e1stupce s sebou u k\u00e9rky, nebo don\u00e9st vyti\u0161t\u011bn\u00fd, &nbsp;vypln\u011bn\u00fd a podepsan\u00fd formul\u00e1\u0159. Tento formul\u00e1\u0159 najde\u0161 o \u0159\u00e1dek n\u00ed\u017e.<\/p>\n\n\n\n<p><a target=\"_blank\" href=\"https:\/\/docs.google.com\/document\/u\/1\/d\/1RWPfqyaQ4-FRtnF_zTaM-1wyakBypqKWLq-3YaFjRT0\/mobilebasic\" rel=\"noreferrer noopener\"><strong>Online formul\u00e1\u0159 pro nezletil\u00e9 \u2013 ZDE&nbsp;<\/strong><\/a><\/p>\n\n\n\n<h2 class=\"wp-block-heading\">Bolest?<\/h2>\n\n\n\n<p>Tetov\u00e1n\u00ed bol\u00ed, ale je to hrozn\u011b individu\u00e1ln\u00ed. Ka\u017ed\u00fd m\u00e1 jin\u00fd pr\u00e1h bolesti, ka\u017ed\u00e1 oblast t\u011bla je jinak citliv\u00e1 apod. Nemus\u00ed\u0161 se ale b\u00e1t, kdyby se to nedalo vydr\u017eet, m\u00e1m v z\u00e1sob\u011b anestetick\u00e9 kr\u00e9my.<\/p>\n\n\n\n<h2 class=\"wp-block-heading\">SHOP?<\/h2>\n\n\n\n<p>Objedn\u00e1vku ti po\u0161lu hned, jak bude v m\u00fdch sil\u00e1ch. V\u011bt\u0161inou 1-2 t\u00fddn\u011b bal\u00ed\u010dky ode\u0161lu. P\u0159edobjedn\u00e1vky pos\u00edl\u00e1m v den, kdy se zbo\u017e\u00ed naskladn\u00ed.&nbsp;<\/p>\n\n\n\n<p>Z\u00e1silky budu pos\u00edlat bu\u010f p\u0159es \u010ceskou po\u0161tu, nebo PPL. Z\u00e1le\u017e\u00ed, co budu m\u00edt po ruce. V\u017edy v\u0161ak pos\u00edl\u00e1m bal\u00ed\u010dky doporu\u010den\u011b. Tak\u017ee dojde do 1-2 dn\u016f od odesl\u00e1n\u00ed.<\/p>\n\n\n\n<h2 class=\"wp-block-heading\">POUKAZ NA TETOV\u00c1N\u00cd<\/h2>\n\n\n\n<p>Nachystal jsem zde i poukaz na tetov\u00e1n\u00ed. <br>Minim\u00e1ln\u00ed hodnota poukaz\u016f je 1000 K\u010d, jinak je hodnota libovoln\u00e1. Poukaz je nejlep\u0161\u00ed d\u00e1t na jm\u00e9no darovan\u00e9ho. Poukazy nemaj\u00ed danou platnost, tzn. poukaz plat\u00ed, dokud se nevybere.Poukazy se nedaj\u00ed sm\u011bnit za pen\u00edze. <br><br>D\u00e1rkov\u00fd poukaz m\u016f\u017ee\u0161 koupit takto:<\/p>\n\n\n\n<ul>\n<li>Na n\u00ed\u017ee uveden\u00fd \u00fa\u010det po\u0161le\u0161 \u010d\u00e1stku, na kterou chce\u0161 poukaz vystavit<\/li>\n\n\n\n<li>Do pozn\u00e1mky nap\u00ed\u0161e\u0161: POUKAZ NA JM\u00c9NO (jm\u00e9no, na kter\u00e9 bude poukaz vystaven)<\/li>\n\n\n\n<li>A u\u017e jen sta\u010d\u00ed ulo\u017eit a vytisknout obr\u00e1zek poukazu (n\u00ed\u017ee) a ud\u011blat s n\u00edm radost.<\/li>\n<\/ul>\n\n\n\n<p>\u010c\u00cdSLO \u00da\u010cTU PRO P\u0158EVOD: 670100-2211600566\/6210<\/p>\n\n\n\n<p>(Poukaz lze zakoupit i osobn\u011b po p\u0159edchoz\u00ed domluv\u011b)<\/p>\n\n\n\n<figure class=\"wp-block-image size-large\"><img loading=\"lazy\" decoding=\"async\" width=\"724\" height=\"1024\" src=\"https:\/\/jetoon.cz\/wp-content\/uploads\/2022\/09\/310B6CAE-4931-4D91-B0B8-24F398EF5597-724x1024.jpeg\" alt=\"\" class=\"wp-image-181\" srcset=\"https:\/\/jetoon.cz\/wp-content\/uploads\/2022\/09\/310B6CAE-4931-4D91-B0B8-24F398EF5597-724x1024.jpeg 724w, https:\/\/jetoon.cz\/wp-content\/uploads\/2022\/09\/310B6CAE-4931-4D91-B0B8-24F398EF5597-scaled-600x849.jpeg 600w, https:\/\/jetoon.cz\/wp-content\/uploads\/2022\/09\/310B6CAE-4931-4D91-B0B8-24F398EF5597-212x300.jpeg 212w, https:\/\/jetoon.cz\/wp-content\/uploads\/2022\/09\/310B6CAE-4931-4D91-B0B8-24F398EF5597-768x1087.jpeg 768w, https:\/\/jetoon.cz\/wp-content\/uploads\/2022\/09\/310B6CAE-4931-4D91-B0B8-24F398EF5597-1086x1536.jpeg 1086w, https:\/\/jetoon.cz\/wp-content\/uploads\/2022\/09\/310B6CAE-4931-4D91-B0B8-24F398EF5597-1448x2048.jpeg 1448w, https:\/\/jetoon.cz\/wp-content\/uploads\/2022\/09\/310B6CAE-4931-4D91-B0B8-24F398EF5597-scaled.jpeg 1810w\" sizes=\"(max-width: 724px) 100vw, 724px\" \/><\/figure>\n\n\n\n<p>A moc d\u00edky, pokud se m\u011b rozhodne\u0161 podpo\u0159it&nbsp;<img loading=\"lazy\" decoding=\"async\" src=\"https:\/\/paper.dropboxstatic.com\/static\/img\/ace\/emoji\/2764.png?version=6.0.0\" height=\"22\" alt=\"red heart\" width=\"22\"><\/p>\n","protected":false},"excerpt":{"rendered":"<p>Jak se domluvit na term\u00ednu tetov\u00e1n\u00ed? Jak p\u00ed\u0161i v&nbsp;kontaktech, nejlep\u0161\u00ed je pro m\u011b domluva p\u0159es zpr\u00e1vy na&nbsp;Instagramu. Sta\u010d\u00ed mi do zpr\u00e1vy napsat, co bychom tetovali, m\u00edsto a p\u0159ibli\u017enou velikost. Kdy bys tak k\u00e9rku cht\u011bl\/a, a podle toho vymysl\u00edme n\u011bjak\u00e9 datum. Konzultace p\u0159edem nejsou \u00fapln\u011b d\u016fle\u017eit\u00e9, v\u011bt\u0161inou v\u0161e vymysl\u00edme ve zpr\u00e1v\u00e1ch, p\u0159\u00edpadn\u011b spolu na m\u00edst\u011b. Jak&hellip;&nbsp;<a href=\"https:\/\/jetoon.cz\/?page_id=78\" class=\"\" rel=\"bookmark\">\u010c\u00edst d\u00e1le &raquo;<span class=\"screen-reader-text\">Info<\/span><\/a><\/p>\n","protected":false},"author":1,"featured_media":0,"parent":0,"menu_order":0,"comment_status":"closed","ping_status":"closed","template":"","meta":{"neve_meta_sidebar":"","neve_meta_container":"","neve_meta_enable_content_width":"","neve_meta_content_width":0,"neve_meta_title_alignment":"","neve_meta_author_avatar":"","neve_post_elements_order":"","neve_meta_disable_header":"","neve_meta_disable_footer":"","neve_meta_disable_title":"","footnotes":""},"_links":{"self":[{"href":"https:\/\/jetoon.cz\/index.php?rest_route=\/wp\/v2\/pages\/78"}],"collection":[{"href":"https:\/\/jetoon.cz\/index.php?rest_route=\/wp\/v2\/pages"}],"about":[{"href":"https:\/\/jetoon.cz\/index.php?rest_route=\/wp\/v2\/types\/page"}],"author":[{"embeddable":true,"href":"https:\/\/jetoon.cz\/index.php?rest_route=\/wp\/v2\/users\/1"}],"replies":[{"embeddable":true,"href":"https:\/\/jetoon.cz\/index.php?rest_route=%2Fwp%2Fv2%2Fcomments&post=78"}],"version-history":[{"count":12,"href":"https:\/\/jetoon.cz\/index.php?rest_route=\/wp\/v2\/pages\/78\/revisions"}],"predecessor-version":[{"id":303,"href":"https:\/\/jetoon.cz\/index.php?rest_route=\/wp\/v2\/pages\/78\/revisions\/303"}],"wp:attachment":[{"href":"https:\/\/jetoon.cz\/index.php?rest_route=%2Fwp%2Fv2%2Fmedia&parent=78"}],"curies":[{"name":"wp","href":"https:\/\/api.w.org\/{rel}","templated":true}]}}