{"id":149,"date":"2022-09-08T22:25:19","date_gmt":"2022-09-08T20:25:19","guid":{"rendered":"http:\/\/jetoon.cz\/?post_type=product&#038;p=149"},"modified":"2023-06-21T17:25:30","modified_gmt":"2023-06-21T15:25:30","slug":"ponozky-jetoon-bk-kopirovat","status":"publish","type":"product","link":"https:\/\/jetoon.cz\/?product=ponozky-jetoon-bk-kopirovat","title":{"rendered":"Pono\u017eky JETOON WHITE"},"content":{"rendered":"<p>Vysok\u00e9 pono\u017eky JETOON<\/p>\n<p>Materi\u00e1l: 85% bavlna, 10% polyamid, 5% elastan<\/p>\n<p>Velikost univerz\u00e1ln\u00ed.<\/p>\n","protected":false},"excerpt":{"rendered":"<p>Vysok\u00e9 pono\u017eky JETOON Materi\u00e1l: 85% bavlna, 10% polyamid, 5% elastan Velikost univerz\u00e1ln\u00ed.<\/p>\n","protected":false},"featured_media":163,"comment_status":"open","ping_status":"closed","template":"","meta":{"neve_meta_sidebar":"","neve_meta_container":"","neve_meta_enable_content_width":"off","neve_meta_content_width":100,"neve_meta_title_alignment":"","neve_meta_author_avatar":"","neve_post_elements_order":"","neve_meta_disable_header":"","neve_meta_disable_footer":"","neve_meta_disable_title":""},"product_cat":[22],"product_tag":[],"_links":{"self":[{"href":"https:\/\/jetoon.cz\/index.php?rest_route=\/wp\/v2\/product\/149"}],"collection":[{"href":"https:\/\/jetoon.cz\/index.php?rest_route=\/wp\/v2\/product"}],"about":[{"href":"https:\/\/jetoon.cz\/index.php?rest_route=\/wp\/v2\/types\/product"}],"replies":[{"embeddable":true,"href":"https:\/\/jetoon.cz\/index.php?rest_route=%2Fwp%2Fv2%2Fcomments&post=149"}],"wp:featuredmedia":[{"embeddable":true,"href":"https:\/\/jetoon.cz\/index.php?rest_route=\/wp\/v2\/media\/163"}],"wp:attachment":[{"href":"https:\/\/jetoon.cz\/index.php?rest_route=%2Fwp%2Fv2%2Fmedia&parent=149"}],"wp:term":[{"taxonomy":"product_cat","embeddable":true,"href":"https:\/\/jetoon.cz\/index.php?rest_route=%2Fwp%2Fv2%2Fproduct_cat&post=149"},{"taxonomy":"product_tag","embeddable":true,"href":"https:\/\/jetoon.cz\/index.php?rest_route=%2Fwp%2Fv2%2Fproduct_tag&post=149"}],"curies":[{"name":"wp","href":"https:\/\/api.w.org\/{rel}","templated":true}]}}