{"id":158,"date":"2022-09-08T22:33:08","date_gmt":"2022-09-08T20:33:08","guid":{"rendered":"http:\/\/jetoon.cz\/?post_type=product&#038;p=158"},"modified":"2026-01-03T09:16:21","modified_gmt":"2026-01-03T08:16:21","slug":"pexeso","status":"publish","type":"product","link":"https:\/\/jetoon.cz\/?product=pexeso","title":{"rendered":"PEXESO"},"content":{"rendered":"<p>Pexeso k vyt\u0159i\u017een\u00ed.<\/p>\n<p>42 p\u00e1r\u016f obr\u00e1zk\u016f.<\/p>\n<p>Velk\u00e1 z\u00e1bava.<\/p>\n<p>Form\u00e1t A4.<\/p>\n","protected":false},"excerpt":{"rendered":"<p>Pexeso k vyt\u0159i\u017een\u00ed. 42 p\u00e1r\u016f obr\u00e1zk\u016f. Velk\u00e1 z\u00e1bava. Form\u00e1t A4.<\/p>\n","protected":false},"featured_media":159,"comment_status":"open","ping_status":"closed","template":"","meta":{"neve_meta_sidebar":"","neve_meta_container":"","neve_meta_enable_content_width":"off","neve_meta_content_width":100,"neve_meta_title_alignment":"","neve_meta_author_avatar":"","neve_post_elements_order":"","neve_meta_disable_header":"","neve_meta_disable_footer":"","neve_meta_disable_title":""},"product_cat":[22],"product_tag":[],"_links":{"self":[{"href":"https:\/\/jetoon.cz\/index.php?rest_route=\/wp\/v2\/product\/158"}],"collection":[{"href":"https:\/\/jetoon.cz\/index.php?rest_route=\/wp\/v2\/product"}],"about":[{"href":"https:\/\/jetoon.cz\/index.php?rest_route=\/wp\/v2\/types\/product"}],"replies":[{"embeddable":true,"href":"https:\/\/jetoon.cz\/index.php?rest_route=%2Fwp%2Fv2%2Fcomments&post=158"}],"wp:featuredmedia":[{"embeddable":true,"href":"https:\/\/jetoon.cz\/index.php?rest_route=\/wp\/v2\/media\/159"}],"wp:attachment":[{"href":"https:\/\/jetoon.cz\/index.php?rest_route=%2Fwp%2Fv2%2Fmedia&parent=158"}],"wp:term":[{"taxonomy":"product_cat","embeddable":true,"href":"https:\/\/jetoon.cz\/index.php?rest_route=%2Fwp%2Fv2%2Fproduct_cat&post=158"},{"taxonomy":"product_tag","embeddable":true,"href":"https:\/\/jetoon.cz\/index.php?rest_route=%2Fwp%2Fv2%2Fproduct_tag&post=158"}],"curies":[{"name":"wp","href":"https:\/\/api.w.org\/{rel}","templated":true}]}}