{"id":206,"date":"2022-12-01T13:43:23","date_gmt":"2022-12-01T12:43:23","guid":{"rendered":"https:\/\/jetoon.cz\/?post_type=product&#038;p=206"},"modified":"2023-02-01T11:01:07","modified_gmt":"2023-02-01T10:01:07","slug":"triko-the-worst-of-the-goodboys","status":"publish","type":"product","link":"https:\/\/jetoon.cz\/?product=triko-the-worst-of-the-goodboys","title":{"rendered":"Triko THE WORST OF THE GOODBOYS"},"content":{"rendered":"<p>TRIKO THE WORST OF THE GOODBOYS<\/p>\n<p>Materi\u00e1l: 85 bavlna, 15% visk\u00f3za<\/p>\n<p>Gram\u00e1\u017e: 170 g\/m2<\/p>\n<p>Barva: \u0160ed\u00e1<\/p>\n<p>Tri\u010dek bylo vyrobeno pouze 60ks (cca 10ks od ka\u017ed\u00e9 velikosti)<\/p>\n<p>St\u0159ih trika je unisex a velikosti standartn\u00ed. Motivy jsou d\u011blan\u00e9 s\u00edtotiskem, tak\u017ee to bude v poho.<\/p>\n<p>&nbsp;<\/p>\n","protected":false},"excerpt":{"rendered":"<p>Zat\u00edm se jedn\u00e1 o p\u0159edprodej za zv\u00fdhodn\u011bnou cenu, tri\u010dka budu odes\u00edlat jakmile p\u0159ijdou z v\u00fdroby.<\/p>\n<p>Zv\u00fdhodn\u011bn\u00e1 cena plat\u00ed pouze ne\u017e se tri\u010dka n\u00e1kladn\u00ed, pot\u00e9 budou za plnou cenu.<\/p>\n<p>Tri\u010dek bude vyrobeno pouze 60ks (cca 10ks od ka\u017ed\u00e9 velikosti).<\/p>\n","protected":false},"featured_media":212,"comment_status":"open","ping_status":"closed","template":"","meta":{"neve_meta_sidebar":"","neve_meta_container":"","neve_meta_enable_content_width":"off","neve_meta_content_width":100,"neve_meta_title_alignment":"","neve_meta_author_avatar":"","neve_post_elements_order":"","neve_meta_disable_header":"","neve_meta_disable_footer":"","neve_meta_disable_title":""},"product_cat":[22],"product_tag":[],"_links":{"self":[{"href":"https:\/\/jetoon.cz\/index.php?rest_route=\/wp\/v2\/product\/206"}],"collection":[{"href":"https:\/\/jetoon.cz\/index.php?rest_route=\/wp\/v2\/product"}],"about":[{"href":"https:\/\/jetoon.cz\/index.php?rest_route=\/wp\/v2\/types\/product"}],"replies":[{"embeddable":true,"href":"https:\/\/jetoon.cz\/index.php?rest_route=%2Fwp%2Fv2%2Fcomments&post=206"}],"wp:featuredmedia":[{"embeddable":true,"href":"https:\/\/jetoon.cz\/index.php?rest_route=\/wp\/v2\/media\/212"}],"wp:attachment":[{"href":"https:\/\/jetoon.cz\/index.php?rest_route=%2Fwp%2Fv2%2Fmedia&parent=206"}],"wp:term":[{"taxonomy":"product_cat","embeddable":true,"href":"https:\/\/jetoon.cz\/index.php?rest_route=%2Fwp%2Fv2%2Fproduct_cat&post=206"},{"taxonomy":"product_tag","embeddable":true,"href":"https:\/\/jetoon.cz\/index.php?rest_route=%2Fwp%2Fv2%2Fproduct_tag&post=206"}],"curies":[{"name":"wp","href":"https:\/\/api.w.org\/{rel}","templated":true}]}}