{"id":232,"date":"2023-04-27T11:28:33","date_gmt":"2023-04-27T09:28:33","guid":{"rendered":"https:\/\/jetoon.cz\/?post_type=product&#038;p=232"},"modified":"2023-06-21T17:25:29","modified_gmt":"2023-06-21T15:25:29","slug":"triko-jetoon-basic","status":"publish","type":"product","link":"https:\/\/jetoon.cz\/?product=triko-jetoon-basic","title":{"rendered":"Triko JETOON BASIC"},"content":{"rendered":"<p>TRIKO JETOON BASIC<\/p>\n<p>Materi\u00e1l: 100 % bavlna<\/p>\n<p>Gram\u00e1\u017e: 170 g\/m2<\/p>\n<p>Barva: B\u00edl\u00e1<\/p>\n<p>Tri\u010dek byl vyroben omezen\u00fd po\u010det.<\/p>\n<p>St\u0159ih trika je unisex a velikosti standartn\u00ed. Motivy jsou d\u011blan\u00e9 s\u00edtotiskem, tak\u017ee to bude v poho.<\/p>\n<h2><strong>Sleva 30% na v\u0161echny pono\u017eky p\u0159i koupi tohoto tri\u010dka s kuponem: JETOONBASIC<\/strong><\/h2>\n<h4><\/h4>\n<p>&nbsp;<\/p>\n","protected":false},"excerpt":{"rendered":"<p><strong>Sleva 30% na v\u0161echny pono\u017eky p\u0159i koupi tri\u010dka JETOON BASIC s kuponem: JETOONBASIC<\/strong><\/p>\n<ol>\n<li>P\u0159idej do ko\u0161\u00edku k tri\u010dku pono\u017eky<\/li>\n<li>V ko\u0161\u00edku pou\u017eij kupon: <strong>JETOONBASIC<\/strong><\/li>\n<li>Kupon bude fungovat i s jin\u00fdm zbo\u017e\u00edm, pokud v\u0161ak v objedn\u00e1vce nebude tri\u010dko JETOON BASIC, bude objedn\u00e1vka upravena v administraci zp\u011btn\u011b.<\/li>\n<\/ol>\n","protected":false},"featured_media":244,"comment_status":"open","ping_status":"closed","template":"","meta":{"neve_meta_sidebar":"","neve_meta_container":"","neve_meta_enable_content_width":"off","neve_meta_content_width":100,"neve_meta_title_alignment":"","neve_meta_author_avatar":"","neve_post_elements_order":"","neve_meta_disable_header":"","neve_meta_disable_footer":"","neve_meta_disable_title":""},"product_cat":[22],"product_tag":[],"_links":{"self":[{"href":"https:\/\/jetoon.cz\/index.php?rest_route=\/wp\/v2\/product\/232"}],"collection":[{"href":"https:\/\/jetoon.cz\/index.php?rest_route=\/wp\/v2\/product"}],"about":[{"href":"https:\/\/jetoon.cz\/index.php?rest_route=\/wp\/v2\/types\/product"}],"replies":[{"embeddable":true,"href":"https:\/\/jetoon.cz\/index.php?rest_route=%2Fwp%2Fv2%2Fcomments&post=232"}],"wp:featuredmedia":[{"embeddable":true,"href":"https:\/\/jetoon.cz\/index.php?rest_route=\/wp\/v2\/media\/244"}],"wp:attachment":[{"href":"https:\/\/jetoon.cz\/index.php?rest_route=%2Fwp%2Fv2%2Fmedia&parent=232"}],"wp:term":[{"taxonomy":"product_cat","embeddable":true,"href":"https:\/\/jetoon.cz\/index.php?rest_route=%2Fwp%2Fv2%2Fproduct_cat&post=232"},{"taxonomy":"product_tag","embeddable":true,"href":"https:\/\/jetoon.cz\/index.php?rest_route=%2Fwp%2Fv2%2Fproduct_tag&post=232"}],"curies":[{"name":"wp","href":"https:\/\/api.w.org\/{rel}","templated":true}]}}