{"id":277,"date":"2023-12-13T19:59:04","date_gmt":"2023-12-13T18:59:04","guid":{"rendered":"https:\/\/jetoon.cz\/?post_type=product&#038;p=277"},"modified":"2023-12-13T20:06:16","modified_gmt":"2023-12-13T19:06:16","slug":"poukaz-na-tetovani","status":"publish","type":"product","link":"https:\/\/jetoon.cz\/?product=poukaz-na-tetovani","title":{"rendered":"Poukaz na tetov\u00e1n\u00ed"},"content":{"rendered":"<p>Nachystal jsem zde i poukaz na tetov\u00e1n\u00ed.<br \/>\nMinim\u00e1ln\u00ed hodnota poukaz\u016f je 1500 K\u010d. Poukaz je nejlep\u0161\u00ed d\u00e1t na jm\u00e9no darovan\u00e9ho. Poukazy nemaj\u00ed danou platnost, tzn. poukaz plat\u00ed, dokud se nevybere. Poukazy se nedaj\u00ed sm\u011bnit za pen\u00edze.<\/p>\n<p>V p\u0159\u00edpad\u011b, \u017ee chce\u0161 koupit poukaz za vy\u0161\u0161\u00ed \u010d\u00e1stku, ne\u017e je v mo\u017enostech, m\u016f\u017ee\u0161 \u010d\u00e1stky do objedn\u00e1vky kombinovat.<\/p>\n<p>D\u00e1rkov\u00fd poukaz m\u016f\u017ee\u0161 koupit takto:<\/p>\n<ul>\n<li>V\u00fdb\u011br \u010d\u00e1stku, na kterou chce\u0161 poukaz koupit<\/li>\n<li>Do pozn\u00e1mky nap\u00ed\u0161e\u0161: POUKAZ NA JM\u00c9NO (jm\u00e9no, na kter\u00e9 bude poukaz vystaven)<\/li>\n<li>A u\u017e jen sta\u010d\u00ed ulo\u017eit a vytisknout obr\u00e1zek poukazu (n\u00ed\u017ee) a ud\u011blat s n\u00edm radost.<\/li>\n<\/ul>\n<p>(Poukaz lze zakoupit i osobn\u011b po p\u0159edchoz\u00ed domluv\u011b)<\/p>\n","protected":false},"excerpt":{"rendered":"<p>Poukaz na tetov\u00e1n\u00ed.<\/p>\n","protected":false},"featured_media":181,"comment_status":"closed","ping_status":"closed","template":"","meta":{"neve_meta_sidebar":"","neve_meta_container":"","neve_meta_enable_content_width":"off","neve_meta_content_width":100,"neve_meta_title_alignment":"","neve_meta_author_avatar":"","neve_post_elements_order":"","neve_meta_disable_header":"","neve_meta_disable_footer":"","neve_meta_disable_title":""},"product_cat":[22],"product_tag":[],"_links":{"self":[{"href":"https:\/\/jetoon.cz\/index.php?rest_route=\/wp\/v2\/product\/277"}],"collection":[{"href":"https:\/\/jetoon.cz\/index.php?rest_route=\/wp\/v2\/product"}],"about":[{"href":"https:\/\/jetoon.cz\/index.php?rest_route=\/wp\/v2\/types\/product"}],"replies":[{"embeddable":true,"href":"https:\/\/jetoon.cz\/index.php?rest_route=%2Fwp%2Fv2%2Fcomments&post=277"}],"wp:featuredmedia":[{"embeddable":true,"href":"https:\/\/jetoon.cz\/index.php?rest_route=\/wp\/v2\/media\/181"}],"wp:attachment":[{"href":"https:\/\/jetoon.cz\/index.php?rest_route=%2Fwp%2Fv2%2Fmedia&parent=277"}],"wp:term":[{"taxonomy":"product_cat","embeddable":true,"href":"https:\/\/jetoon.cz\/index.php?rest_route=%2Fwp%2Fv2%2Fproduct_cat&post=277"},{"taxonomy":"product_tag","embeddable":true,"href":"https:\/\/jetoon.cz\/index.php?rest_route=%2Fwp%2Fv2%2Fproduct_tag&post=277"}],"curies":[{"name":"wp","href":"https:\/\/api.w.org\/{rel}","templated":true}]}}